{"id":96,"date":"2023-09-23T23:44:41","date_gmt":"2023-09-23T21:44:41","guid":{"rendered":"https:\/\/dentalflamingo.pl\/?page_id=96"},"modified":"2023-10-29T23:40:08","modified_gmt":"2023-10-29T22:40:08","slug":"strona-glowna","status":"publish","type":"page","link":"https:\/\/dentalflamingo.pl\/","title":{"rendered":"Stomatologia Dental Flamingo"},"content":{"rendered":"\n<p>Tw\u00f3j u\u015bmiech &#8211; Nasza pasja \ud83e\udda9<\/p>\n","protected":false},"excerpt":{"rendered":"<p>Tw\u00f3j u\u015bmiech &#8211; Nasza pasja \ud83e\udda9<\/p>\n","protected":false},"author":2,"featured_media":139,"parent":0,"menu_order":0,"comment_status":"closed","ping_status":"closed","template":"","meta":{"footnotes":""},"class_list":["post-96","page","type-page","status-publish","has-post-thumbnail","hentry"],"yoast_head":"<!-- This site is optimized with the Yoast SEO plugin v27.4 - https:\/\/yoast.com\/product\/yoast-seo-wordpress\/ -->\n<title>Gabinet Stomatologiczny Dental Flamingo<\/title>\n<meta name=\"description\" content=\"Ortodoncja - nak\u0142adki, aparaty sta\u0142e, Protetyka - lic\u00f3wki, korony, protezy, Implanty, Stomatologia Zachowawcza\" \/>\n<meta name=\"robots\" content=\"index, follow, max-snippet:-1, max-image-preview:large, max-video-preview:-1\" \/>\n<link rel=\"canonical\" href=\"https:\/\/dentalflamingo.pl\/\" \/>\n<meta property=\"og:locale\" content=\"pl_PL\" \/>\n<meta property=\"og:type\" content=\"article\" \/>\n<meta property=\"og:title\" content=\"Gabinet Stomatologiczny Dental Flamingo\" \/>\n<meta property=\"og:description\" content=\"Ortodoncja - nak\u0142adki, aparaty sta\u0142e, Protetyka - lic\u00f3wki, korony, protezy, Implanty, Stomatologia Zachowawcza\" \/>\n<meta property=\"og:url\" content=\"https:\/\/dentalflamingo.pl\/\" \/>\n<meta property=\"og:site_name\" content=\"Dental Flamingo\" \/>\n<meta property=\"article:modified_time\" content=\"2023-10-29T22:40:08+00:00\" \/>\n<meta property=\"og:image\" content=\"https:\/\/dentalflamingo.pl\/wp-content\/uploads\/2023\/09\/fl1.jpg\" \/>\n\t<meta property=\"og:image:width\" content=\"1920\" \/>\n\t<meta property=\"og:image:height\" content=\"1080\" \/>\n\t<meta property=\"og:image:type\" content=\"image\/jpeg\" \/>\n<meta name=\"twitter:card\" content=\"summary_large_image\" \/>\n<meta name=\"twitter:label1\" content=\"Szacowany czas czytania\" \/>\n\t<meta name=\"twitter:data1\" content=\"1 minuta\" \/>\n<script type=\"application\/ld+json\" class=\"yoast-schema-graph\">{\"@context\":\"https:\\\/\\\/schema.org\",\"@graph\":[{\"@type\":\"WebPage\",\"@id\":\"https:\\\/\\\/dentalflamingo.pl\\\/\",\"url\":\"https:\\\/\\\/dentalflamingo.pl\\\/\",\"name\":\"Gabinet Stomatologiczny Dental Flamingo\",\"isPartOf\":{\"@id\":\"https:\\\/\\\/dentalflamingo.pl\\\/#website\"},\"primaryImageOfPage\":{\"@id\":\"https:\\\/\\\/dentalflamingo.pl\\\/#primaryimage\"},\"image\":{\"@id\":\"https:\\\/\\\/dentalflamingo.pl\\\/#primaryimage\"},\"thumbnailUrl\":\"https:\\\/\\\/dentalflamingo.pl\\\/wp-content\\\/uploads\\\/2023\\\/09\\\/fl1.jpg\",\"datePublished\":\"2023-09-23T21:44:41+00:00\",\"dateModified\":\"2023-10-29T22:40:08+00:00\",\"description\":\"Ortodoncja - nak\u0142adki, aparaty sta\u0142e, Protetyka - lic\u00f3wki, korony, protezy, Implanty, Stomatologia Zachowawcza\",\"breadcrumb\":{\"@id\":\"https:\\\/\\\/dentalflamingo.pl\\\/#breadcrumb\"},\"inLanguage\":\"pl-PL\",\"potentialAction\":[{\"@type\":\"ReadAction\",\"target\":[\"https:\\\/\\\/dentalflamingo.pl\\\/\"]}]},{\"@type\":\"ImageObject\",\"inLanguage\":\"pl-PL\",\"@id\":\"https:\\\/\\\/dentalflamingo.pl\\\/#primaryimage\",\"url\":\"https:\\\/\\\/dentalflamingo.pl\\\/wp-content\\\/uploads\\\/2023\\\/09\\\/fl1.jpg\",\"contentUrl\":\"https:\\\/\\\/dentalflamingo.pl\\\/wp-content\\\/uploads\\\/2023\\\/09\\\/fl1.jpg\",\"width\":1920,\"height\":1080,\"caption\":\"Dental Flamingo Wyszk\u00f3w\"},{\"@type\":\"BreadcrumbList\",\"@id\":\"https:\\\/\\\/dentalflamingo.pl\\\/#breadcrumb\",\"itemListElement\":[{\"@type\":\"ListItem\",\"position\":1,\"name\":\"Home\",\"item\":\"https:\\\/\\\/dentalflamingo.pl\\\/\"},{\"@type\":\"ListItem\",\"position\":2,\"name\":\"Stomatologia Dental Flamingo\"}]},{\"@type\":\"WebSite\",\"@id\":\"https:\\\/\\\/dentalflamingo.pl\\\/#website\",\"url\":\"https:\\\/\\\/dentalflamingo.pl\\\/\",\"name\":\"Dental Flamingo\",\"description\":\"Centrum Stomatologiczne\",\"publisher\":{\"@id\":\"https:\\\/\\\/dentalflamingo.pl\\\/#organization\"},\"potentialAction\":[{\"@type\":\"SearchAction\",\"target\":{\"@type\":\"EntryPoint\",\"urlTemplate\":\"https:\\\/\\\/dentalflamingo.pl\\\/?s={search_term_string}\"},\"query-input\":{\"@type\":\"PropertyValueSpecification\",\"valueRequired\":true,\"valueName\":\"search_term_string\"}}],\"inLanguage\":\"pl-PL\"},{\"@type\":\"Organization\",\"@id\":\"https:\\\/\\\/dentalflamingo.pl\\\/#organization\",\"name\":\"Dental Flamingo\",\"url\":\"https:\\\/\\\/dentalflamingo.pl\\\/\",\"logo\":{\"@type\":\"ImageObject\",\"inLanguage\":\"pl-PL\",\"@id\":\"https:\\\/\\\/dentalflamingo.pl\\\/#\\\/schema\\\/logo\\\/image\\\/\",\"url\":\"https:\\\/\\\/dentalflamingo.pl\\\/wp-content\\\/uploads\\\/2023\\\/09\\\/favicon3.png\",\"contentUrl\":\"https:\\\/\\\/dentalflamingo.pl\\\/wp-content\\\/uploads\\\/2023\\\/09\\\/favicon3.png\",\"width\":500,\"height\":500,\"caption\":\"Dental Flamingo\"},\"image\":{\"@id\":\"https:\\\/\\\/dentalflamingo.pl\\\/#\\\/schema\\\/logo\\\/image\\\/\"}}]}<\/script>\n<!-- \/ Yoast SEO plugin. -->","yoast_head_json":{"title":"Gabinet Stomatologiczny Dental Flamingo","description":"Ortodoncja - nak\u0142adki, aparaty sta\u0142e, Protetyka - lic\u00f3wki, korony, protezy, Implanty, Stomatologia Zachowawcza","robots":{"index":"index","follow":"follow","max-snippet":"max-snippet:-1","max-image-preview":"max-image-preview:large","max-video-preview":"max-video-preview:-1"},"canonical":"https:\/\/dentalflamingo.pl\/","og_locale":"pl_PL","og_type":"article","og_title":"Gabinet Stomatologiczny Dental Flamingo","og_description":"Ortodoncja - nak\u0142adki, aparaty sta\u0142e, Protetyka - lic\u00f3wki, korony, protezy, Implanty, Stomatologia Zachowawcza","og_url":"https:\/\/dentalflamingo.pl\/","og_site_name":"Dental Flamingo","article_modified_time":"2023-10-29T22:40:08+00:00","og_image":[{"width":1920,"height":1080,"url":"https:\/\/dentalflamingo.pl\/wp-content\/uploads\/2023\/09\/fl1.jpg","type":"image\/jpeg"}],"twitter_card":"summary_large_image","twitter_misc":{"Szacowany czas czytania":"1 minuta"},"schema":{"@context":"https:\/\/schema.org","@graph":[{"@type":"WebPage","@id":"https:\/\/dentalflamingo.pl\/","url":"https:\/\/dentalflamingo.pl\/","name":"Gabinet Stomatologiczny Dental Flamingo","isPartOf":{"@id":"https:\/\/dentalflamingo.pl\/#website"},"primaryImageOfPage":{"@id":"https:\/\/dentalflamingo.pl\/#primaryimage"},"image":{"@id":"https:\/\/dentalflamingo.pl\/#primaryimage"},"thumbnailUrl":"https:\/\/dentalflamingo.pl\/wp-content\/uploads\/2023\/09\/fl1.jpg","datePublished":"2023-09-23T21:44:41+00:00","dateModified":"2023-10-29T22:40:08+00:00","description":"Ortodoncja - nak\u0142adki, aparaty sta\u0142e, Protetyka - lic\u00f3wki, korony, protezy, Implanty, Stomatologia Zachowawcza","breadcrumb":{"@id":"https:\/\/dentalflamingo.pl\/#breadcrumb"},"inLanguage":"pl-PL","potentialAction":[{"@type":"ReadAction","target":["https:\/\/dentalflamingo.pl\/"]}]},{"@type":"ImageObject","inLanguage":"pl-PL","@id":"https:\/\/dentalflamingo.pl\/#primaryimage","url":"https:\/\/dentalflamingo.pl\/wp-content\/uploads\/2023\/09\/fl1.jpg","contentUrl":"https:\/\/dentalflamingo.pl\/wp-content\/uploads\/2023\/09\/fl1.jpg","width":1920,"height":1080,"caption":"Dental Flamingo Wyszk\u00f3w"},{"@type":"BreadcrumbList","@id":"https:\/\/dentalflamingo.pl\/#breadcrumb","itemListElement":[{"@type":"ListItem","position":1,"name":"Home","item":"https:\/\/dentalflamingo.pl\/"},{"@type":"ListItem","position":2,"name":"Stomatologia Dental Flamingo"}]},{"@type":"WebSite","@id":"https:\/\/dentalflamingo.pl\/#website","url":"https:\/\/dentalflamingo.pl\/","name":"Dental Flamingo","description":"Centrum Stomatologiczne","publisher":{"@id":"https:\/\/dentalflamingo.pl\/#organization"},"potentialAction":[{"@type":"SearchAction","target":{"@type":"EntryPoint","urlTemplate":"https:\/\/dentalflamingo.pl\/?s={search_term_string}"},"query-input":{"@type":"PropertyValueSpecification","valueRequired":true,"valueName":"search_term_string"}}],"inLanguage":"pl-PL"},{"@type":"Organization","@id":"https:\/\/dentalflamingo.pl\/#organization","name":"Dental Flamingo","url":"https:\/\/dentalflamingo.pl\/","logo":{"@type":"ImageObject","inLanguage":"pl-PL","@id":"https:\/\/dentalflamingo.pl\/#\/schema\/logo\/image\/","url":"https:\/\/dentalflamingo.pl\/wp-content\/uploads\/2023\/09\/favicon3.png","contentUrl":"https:\/\/dentalflamingo.pl\/wp-content\/uploads\/2023\/09\/favicon3.png","width":500,"height":500,"caption":"Dental Flamingo"},"image":{"@id":"https:\/\/dentalflamingo.pl\/#\/schema\/logo\/image\/"}}]}},"_links":{"self":[{"href":"https:\/\/dentalflamingo.pl\/index.php?rest_route=\/wp\/v2\/pages\/96","targetHints":{"allow":["GET"]}}],"collection":[{"href":"https:\/\/dentalflamingo.pl\/index.php?rest_route=\/wp\/v2\/pages"}],"about":[{"href":"https:\/\/dentalflamingo.pl\/index.php?rest_route=\/wp\/v2\/types\/page"}],"author":[{"embeddable":true,"href":"https:\/\/dentalflamingo.pl\/index.php?rest_route=\/wp\/v2\/users\/2"}],"replies":[{"embeddable":true,"href":"https:\/\/dentalflamingo.pl\/index.php?rest_route=%2Fwp%2Fv2%2Fcomments&post=96"}],"version-history":[{"count":6,"href":"https:\/\/dentalflamingo.pl\/index.php?rest_route=\/wp\/v2\/pages\/96\/revisions"}],"predecessor-version":[{"id":310,"href":"https:\/\/dentalflamingo.pl\/index.php?rest_route=\/wp\/v2\/pages\/96\/revisions\/310"}],"wp:featuredmedia":[{"embeddable":true,"href":"https:\/\/dentalflamingo.pl\/index.php?rest_route=\/wp\/v2\/media\/139"}],"wp:attachment":[{"href":"https:\/\/dentalflamingo.pl\/index.php?rest_route=%2Fwp%2Fv2%2Fmedia&parent=96"}],"curies":[{"name":"wp","href":"https:\/\/api.w.org\/{rel}","templated":true}]}}